{"id":1566,"date":"2023-12-08T04:52:02","date_gmt":"2023-12-08T04:52:02","guid":{"rendered":"https:\/\/caitaonhacuhanoi.com\/?page_id=1566"},"modified":"2023-12-12T10:30:51","modified_gmt":"2023-12-12T10:30:51","slug":"video-cai-tao-nhe","status":"publish","type":"page","link":"https:\/\/caitaonhacuhanoi.com\/?page_id=1566","title":{"rendered":"Video C\u1ea3i t\u1ea1o"},"content":{"rendered":"\n<div class=\"row\"  id=\"row-1891024091\">\n\n\n\t<div id=\"col-1843543868\" class=\"col medium-4 small-12 large-4\"  >\n\t\t\t\t<div class=\"col-inner\"  >\n\t\t\t\n\t\t\t\n\n<div class=\"video video-fit mb\" style=\"padding-top:135%;\"><iframe loading=\"lazy\" title=\"C\u1ea3i t\u1ea1o nh\u00e0 c\u0169 21 n\u0103m tu\u1ed5i \u1edf M\u1ea1o Kh\u00ea, Qu\u1ea3ng Ninh cho gia \u0111\u00ecnh nh\u1ecf\" width=\"1020\" height=\"574\" src=\"https:\/\/www.youtube.com\/embed\/-vnW0oZ4-o4?feature=oembed\" frameborder=\"0\" allow=\"accelerometer; autoplay; clipboard-write; encrypted-media; gyroscope; picture-in-picture; web-share\" allowfullscreen><\/iframe><\/div>\n\n<div class=\"video video-fit mb\" style=\"padding-top:135%;\"><p><iframe loading=\"lazy\" title=\"C\u1ea3i t\u1ea1o nh\u00e0 c\u0169 20 n\u0103m tu\u1ed5i theo phong c\u00e1ch hi\u1ec7n \u0111\u1ea1i \u1edf Thanh Tr\u00ec, H\u00e0 N\u1ed9i\" width=\"1020\" height=\"574\" src=\"https:\/\/www.youtube.com\/embed\/N8ssZlCv9YY?feature=oembed\" frameborder=\"0\" allow=\"accelerometer; autoplay; clipboard-write; encrypted-media; gyroscope; picture-in-picture; web-share\" allowfullscreen><\/iframe><\/p>\n<\/div>\n\n<div class=\"video video-fit mb\" style=\"padding-top:135%;\"><p><iframe loading=\"lazy\" title=\"C\u1ea3i t\u1ea1o nh\u00e0 trong ng\u00f5 nh\u1ecf ti\u1ebft ki\u1ec7m chi ph\u00ed n\u1eeda t\u1ef7 cho gia ch\u1ee7 \u1edf qu\u1eadn Ho\u00e0n Ki\u1ebfm\" width=\"1020\" height=\"574\" src=\"https:\/\/www.youtube.com\/embed\/SX35YroMuwA?feature=oembed\" frameborder=\"0\" allow=\"accelerometer; autoplay; clipboard-write; encrypted-media; gyroscope; picture-in-picture; web-share\" allowfullscreen><\/iframe><\/p>\n<\/div>\n\n\n\t\t<\/div>\n\t\t\t\t\t<\/div>\n\n\t\n\n\t<div id=\"col-2145276307\" class=\"col medium-4 small-12 large-4\"  >\n\t\t\t\t<div class=\"col-inner\"  >\n\t\t\t\n\t\t\t\n\n<div class=\"video video-fit mb\" style=\"padding-top:135%;\"><p><iframe loading=\"lazy\" title=\"C\u1ea3i t\u1ea1o nh\u00e0 c\u0169 16 n\u0103m tu\u1ed5i \u1edf \u0110\u00f4ng Anh, H\u00e0 N\u1ed9i cho gia \u0111\u00ecnh 4 th\u00e0nh vi\u00ean\" width=\"1020\" height=\"574\" src=\"https:\/\/www.youtube.com\/embed\/Gj3spKd6lm8?feature=oembed\" frameborder=\"0\" allow=\"accelerometer; autoplay; clipboard-write; encrypted-media; gyroscope; picture-in-picture; web-share\" allowfullscreen><\/iframe><\/p>\n<\/div>\n\n<div class=\"video video-fit mb\" style=\"padding-top:135%;\"><p><iframe loading=\"lazy\" title=\"C\u1ea3i t\u1ea1o nh\u00e0 c\u0169 15 n\u0103m tu\u1ed5i, di\u1ec7n t\u00edch 80m2\/t\u1ea7ng \u1edf Gia L\u00e2m - H\u00e0 N\u1ed9i cho gia \u0111\u00ecnh ch\u1ecb Trang\" width=\"1020\" height=\"574\" src=\"https:\/\/www.youtube.com\/embed\/FGG5kqwpve8?feature=oembed\" frameborder=\"0\" allow=\"accelerometer; autoplay; clipboard-write; encrypted-media; gyroscope; picture-in-picture; web-share\" allowfullscreen><\/iframe><\/p>\n<\/div>\n\n<div class=\"video video-fit mb\" style=\"padding-top:135%;\"><p><iframe loading=\"lazy\" title=\"C\u1ea3i t\u1ea1o nh\u00e0 c\u0169 ch\u1eadt h\u1eb9p 4 t\u1ea7ng \u1edf qu\u1eadn Hai B\u00e0 Tr\u01b0ng, H\u00e0 N\u1ed9i cho gia \u0111\u00ecnh ch\u1ecb Loan\" width=\"1020\" height=\"574\" src=\"https:\/\/www.youtube.com\/embed\/Py6hQpD80HY?feature=oembed\" frameborder=\"0\" allow=\"accelerometer; autoplay; clipboard-write; encrypted-media; gyroscope; picture-in-picture; web-share\" allowfullscreen><\/iframe><\/p>\n<\/div>\n\n\n\t\t<\/div>\n\t\t\t\t\t<\/div>\n\n\t\n\n\t<div id=\"col-1715065952\" class=\"col medium-4 small-12 large-4\"  >\n\t\t\t\t<div class=\"col-inner\"  >\n\t\t\t\n\t\t\t\n\n<div class=\"video video-fit mb\" style=\"padding-top:135%;\"><p><iframe loading=\"lazy\" title=\"C\u1ea3i t\u1ea1o nh\u00e0 c\u0169 15 n\u0103m tu\u1ed5i \u1edf th\u00e0nh ph\u1ed1 Nam \u0110\u1ecbnh cho c\u1eb7p v\u1ee3 ch\u1ed3ng tr\u1ebb\" width=\"1020\" height=\"574\" src=\"https:\/\/www.youtube.com\/embed\/5ucL7OeFxWc?feature=oembed\" frameborder=\"0\" allow=\"accelerometer; autoplay; clipboard-write; encrypted-media; gyroscope; picture-in-picture; web-share\" allowfullscreen><\/iframe><\/p>\n<\/div>\n\n<div class=\"video video-fit mb\" style=\"padding-top:135%;\"><p><iframe loading=\"lazy\" title=\"C\u1ea3i t\u1ea1o nh\u00e0 ph\u1ed1 c\u1ed5 25 n\u0103m tu\u1ed5i, di\u1ec7n t\u00edch 40m2\/t\u1ea7ng th\u00e0nh ti\u1ec7m Nail ti\u1ebft ki\u1ec7m 50% so v\u1edbi x\u00e2y m\u1edbi\" width=\"1020\" height=\"574\" src=\"https:\/\/www.youtube.com\/embed\/n9kS0H-ZGuk?feature=oembed\" frameborder=\"0\" allow=\"accelerometer; autoplay; clipboard-write; encrypted-media; gyroscope; picture-in-picture; web-share\" allowfullscreen><\/iframe><\/p>\n<\/div>\n\n<div class=\"video video-fit mb\" style=\"padding-top:135%;\"><p><iframe loading=\"lazy\" title=\"C\u1ea3i t\u1ea1o nh\u00e0 c\u0169 20 n\u0103m tu\u1ed5i theo phong c\u00e1ch Indochine sang tr\u1ecdng v\u00e0 \u0111\u1eb3ng c\u1ea5p \u1edf C\u1ea9m Ph\u1ea3, Qu\u1ea3ng Ninh\" width=\"1020\" height=\"574\" src=\"https:\/\/www.youtube.com\/embed\/X4vPQg2rcEk?feature=oembed\" frameborder=\"0\" allow=\"accelerometer; autoplay; clipboard-write; encrypted-media; gyroscope; picture-in-picture; web-share\" allowfullscreen><\/iframe><\/p>\n<\/div>\n\n\n\t\t<\/div>\n\t\t\t\t\t<\/div>\n\n\t\n\n<\/div>\n<div class=\"row\"  id=\"row-1251897345\">\n\n\n\t<div id=\"col-695585956\" class=\"col medium-4 small-12 large-4\"  >\n\t\t\t\t<div class=\"col-inner\"  >\n\t\t\t\n\t\t\t\n\n<div class=\"video video-fit mb\" style=\"padding-top:135%;\"><p><iframe loading=\"lazy\" title=\"C\u1ea3i t\u1ea1o nh\u00e0 c\u0169 22 n\u0103m tu\u1ed5i c\u00f3 di\u1ec7n t\u00edch 70m2\/t\u1ea7ng \u1edf qu\u1eadn Ba \u0110\u00ecnh, H\u00e0 N\u1ed9i cho gia \u0111\u00ecnh ch\u1ecb Ng\u1ecdc Anh\" width=\"1020\" height=\"574\" src=\"https:\/\/www.youtube.com\/embed\/9yQRYMLKbmY?feature=oembed\" frameborder=\"0\" allow=\"accelerometer; autoplay; clipboard-write; encrypted-media; gyroscope; picture-in-picture; web-share\" allowfullscreen><\/iframe><\/p>\n<\/div>\n\n<div class=\"video video-fit mb\" style=\"padding-top:135%;\"><p><iframe loading=\"lazy\" title=\"C\u1ea3i t\u1ea1o nh\u00e0 ph\u1ed1 4 t\u1ea7ng + tum \u1edf Kim Ng\u01b0u, H\u00e0 N\u1ed9i #caitaonhapho #caitaonhacua #caitaonha #caitao\" width=\"1020\" height=\"574\" src=\"https:\/\/www.youtube.com\/embed\/BZ-SZ4s5Sjg?feature=oembed\" frameborder=\"0\" allow=\"accelerometer; autoplay; clipboard-write; encrypted-media; gyroscope; picture-in-picture; web-share\" allowfullscreen><\/iframe><\/p>\n<\/div>\n\n\n\t\t<\/div>\n\t\t\t\t\t<\/div>\n\n\t\n\n\t<div id=\"col-473911302\" class=\"col medium-4 small-12 large-4\"  >\n\t\t\t\t<div class=\"col-inner\"  >\n\t\t\t\n\t\t\t\n\n<div class=\"video video-fit mb\" style=\"padding-top:135%;\"><p><iframe loading=\"lazy\" title=\"M\u1edbi mua nh\u00e0 ph\u1ed1, c\u1ea3i t\u1ea1o l\u1ea1i \u0111\u1ec3 t\u1ea1o s\u1ef1 kh\u00e1c bi\u1ec7t\u2026\" width=\"1020\" height=\"574\" src=\"https:\/\/www.youtube.com\/embed\/6thgilFMA5U?feature=oembed\" frameborder=\"0\" allow=\"accelerometer; autoplay; clipboard-write; encrypted-media; gyroscope; picture-in-picture; web-share\" allowfullscreen><\/iframe><\/p>\n<\/div>\n\n\n\t\t<\/div>\n\t\t\t\t\t<\/div>\n\n\t\n\n\t<div id=\"col-1357195890\" class=\"col medium-4 small-12 large-4\"  >\n\t\t\t\t<div class=\"col-inner\"  >\n\t\t\t\n\t\t\t\n\n<div class=\"video video-fit mb\" style=\"padding-top:135%;\"><p><iframe loading=\"lazy\" title=\"C\u1ea3i t\u1ea1o nh\u00e0 kho b\u1ecf hoang th\u00e0nh Showroom tr\u01b0ng b\u00e0y #caitaonhacua #caitaonhapho #caitaonha #caitao\" width=\"1020\" height=\"574\" src=\"https:\/\/www.youtube.com\/embed\/Sd3IQb-XN5A?feature=oembed\" frameborder=\"0\" allow=\"accelerometer; autoplay; clipboard-write; encrypted-media; gyroscope; picture-in-picture; web-share\" allowfullscreen><\/iframe><\/p>\n<\/div>\n\n\n\t\t<\/div>\n\t\t\t\t\t<\/div>\n\n\t\n\n<\/div>\n\n","protected":false},"excerpt":{"rendered":"","protected":false},"author":1,"featured_media":0,"parent":0,"menu_order":0,"comment_status":"closed","ping_status":"closed","template":"","meta":{"footnotes":""},"class_list":["post-1566","page","type-page","status-publish","hentry"],"_links":{"self":[{"href":"https:\/\/caitaonhacuhanoi.com\/index.php?rest_route=\/wp\/v2\/pages\/1566","targetHints":{"allow":["GET"]}}],"collection":[{"href":"https:\/\/caitaonhacuhanoi.com\/index.php?rest_route=\/wp\/v2\/pages"}],"about":[{"href":"https:\/\/caitaonhacuhanoi.com\/index.php?rest_route=\/wp\/v2\/types\/page"}],"author":[{"embeddable":true,"href":"https:\/\/caitaonhacuhanoi.com\/index.php?rest_route=\/wp\/v2\/users\/1"}],"replies":[{"embeddable":true,"href":"https:\/\/caitaonhacuhanoi.com\/index.php?rest_route=%2Fwp%2Fv2%2Fcomments&post=1566"}],"version-history":[{"count":16,"href":"https:\/\/caitaonhacuhanoi.com\/index.php?rest_route=\/wp\/v2\/pages\/1566\/revisions"}],"predecessor-version":[{"id":1618,"href":"https:\/\/caitaonhacuhanoi.com\/index.php?rest_route=\/wp\/v2\/pages\/1566\/revisions\/1618"}],"wp:attachment":[{"href":"https:\/\/caitaonhacuhanoi.com\/index.php?rest_route=%2Fwp%2Fv2%2Fmedia&parent=1566"}],"curies":[{"name":"wp","href":"https:\/\/api.w.org\/{rel}","templated":true}]}}