{"id":27,"date":"2023-11-11T11:59:33","date_gmt":"2023-11-11T11:59:33","guid":{"rendered":"https:\/\/caitaonhacuhanoi.com\/?page_id=27"},"modified":"2023-11-14T09:36:02","modified_gmt":"2023-11-14T09:36:02","slug":"gioi-thieu","status":"publish","type":"page","link":"https:\/\/caitaonhacuhanoi.com\/?page_id=27","title":{"rendered":"Gi\u1edbi thi\u1ec7u"},"content":{"rendered":"\n  <div id=\"page-header-166207399\" class=\"page-header-wrapper\">\n  <div class=\"page-title dark divided-title\">\n\n    \n    <div class=\"page-title-inner container align-center flex-row medium-flex-wrap\" >\n              <div class=\"title-wrapper flex-col text-left medium-text-center\">\n          <h1 class=\"entry-title mb-0\">\n            Gi\u1edbi thi\u1ec7u          <\/h1>\n        <\/div>\n                    <div class=\"title-content flex-col flex-right text-right medium-text-center\">\n        <div class=\"title-breadcrumbs pb-half pt-half\"><\/div>      <\/div>\n    <\/div>\n\n       <\/div>\n  <div class=\"container header-wrapper-divider\"><hr\/><\/div>  <\/div>\n  \n\n\t<div class=\"img has-hover x md-x lg-x y md-y lg-y\" id=\"image_1780220933\">\n\t\t\t\t\t\t\t\t<div class=\"img-inner dark\" >\n\t\t\t<img loading=\"lazy\" decoding=\"async\" width=\"512\" height=\"512\" src=\"https:\/\/caitaonhacuhanoi.com\/wp-content\/uploads\/2023\/11\/cropped-logo-1.png\" class=\"attachment-large size-large\" alt=\"\" srcset=\"https:\/\/caitaonhacuhanoi.com\/wp-content\/uploads\/2023\/11\/cropped-logo-1.png 512w, https:\/\/caitaonhacuhanoi.com\/wp-content\/uploads\/2023\/11\/cropped-logo-1-300x300.png 300w, https:\/\/caitaonhacuhanoi.com\/wp-content\/uploads\/2023\/11\/cropped-logo-1-150x150.png 150w, https:\/\/caitaonhacuhanoi.com\/wp-content\/uploads\/2023\/11\/cropped-logo-1-270x270.png 270w, https:\/\/caitaonhacuhanoi.com\/wp-content\/uploads\/2023\/11\/cropped-logo-1-192x192.png 192w, https:\/\/caitaonhacuhanoi.com\/wp-content\/uploads\/2023\/11\/cropped-logo-1-180x180.png 180w, https:\/\/caitaonhacuhanoi.com\/wp-content\/uploads\/2023\/11\/cropped-logo-1-32x32.png 32w\" sizes=\"auto, (max-width: 512px) 100vw, 512px\" \/>\t\t\t\t\t\t\n\t\t\t\t\t<\/div>\n\t\t\t\t\t\t\t\t\n<style>\n#image_1780220933 {\n  width: 20%;\n}\n<\/style>\n\t<\/div>\n\t\n\n<p>\u26a0\ufe0f\u26a0\ufe0f\u26a0\ufe0f &#8220;<strong>C\u1ea2I T\u1ea0O NH\u00c0 C\u0168 H\u00c0 N\u1ed8I<\/strong>&#8221; l\u00e0 \u0111\u01a1n v\u1ecb \u0111i \u0111\u1ea7u trong l\u0129nh v\u1ef1c THI\u1ebeT K\u1ebe, THI C\u00d4NG C\u1ea2I T\u1ea0O nh\u00e0 \u1edf tr\u1ecdn g\u00f3i uy t\u00edn t\u1ea1i H\u00e0 N\u1ed9i thu\u1ed9c C\u00f4ng ty C\u1ed5 ph\u1ea7n Ki\u1ebfn tr\u00fac Gia H\u01b0ng.<br \/>V\u1edbi \u0111\u1ed9i ng\u0169 nh\u00e2n s\u1ef1 g\u1ed3m 50 ng\u01b0\u1eddi l\u00e0 c\u00e1c Chuy\u00ean gia, Ki\u1ebfn tr\u00fac s\u01b0, K\u0129 s\u01b0, C\u1eed nh\u00e2n v\u00e0 200 th\u1ee3 thi c\u00f4ng c\u00f3 tay ngh\u1ec1 cao. Ch\u00fang t\u00f4i t\u1ef1 tin c\u00f3 th\u1ec3 mang l\u1ea1i ng\u00f4i nh\u00e0 \u0111\u1eb9p \u0111\u00e1p \u1ee9ng ti\u00eau ch\u00ed c\u1ee7a m\u1ecdi kh\u00e1ch h\u00e0ng.<br \/>\ud835\udc15\ud835\udc28\u031b\u0301\ud835\udc22 \ud835\udfd3 \ud835\udc2d\ud835\udc22\ud835\udc1e\u0302\ud835\udc2e \ud835\udc1c\ud835\udc21\ud835\udc22\u0301:<br \/>\u2611\ufe0f \ud835\udc13\ud835\udc00\u0302\u0300\ud835\udc0c \ud835\udc0d\ud835\udc07\ud835\udc08\u0300\ud835\udc0d: Tr\u1edf th\u00e0nh \u0111\u01a1n v\u1ecb s\u1ed1 1 v\u1ec1 Thi\u1ebft k\u1ebf, Thi c\u00f4ng c\u1ea3i t\u1ea1o nh\u00e0 \u1edf t\u1ea1i H\u00e0 N\u1ed9i v\u00e0 khu v\u1ef1c mi\u1ec1n B\u1eafc.<br \/>\u2611\ufe0f \ud835\udc12\ud835\udc14\u031b\u0301 \ud835\udc0c\ud835\udc04\u0323\u0302\ud835\udc0d\ud835\udc07: Kh\u00f4ng ng\u1eebng s\u00e1ng t\u1ea1o \u0111\u1ec3 t\u1ea1o n\u00ean nh\u1eefng kh\u00f4ng gian \u201cS\u1ed1ng\u201d th\u1eadt s\u1ef1, b\u1eb1ng c\u00e1c gi\u1ea3i ph\u00e1p thi\u1ebft k\u1ebf th\u00f4ng minh, hi\u1ec7n \u0111\u1ea1i v\u00e0 t\u1ed1i gi\u1ea3n.<br \/>\u2611\ufe0f \ud835\udc06\ud835\udc08\ud835\udc00\u0301 \ud835\udc13\ud835\udc11\ud835\udc08\u0323 \ud835\udc02\ud835\udc0e\u0302\u0301\ud835\udc13 \ud835\udc0b\ud835\udc0e\u0303\ud835\udc08: Cam k\u1ebft v\u1ec1 ch\u1ea5t l\u01b0\u1ee3ng c\u0169ng nh\u01b0 n\u00e9t th\u1ea9m m\u1ef9 cho m\u1ed9t m\u00f4i tr\u01b0\u1eddng s\u1ed1ng b\u1ec1n v\u1eefng v\u00e0 ho\u00e0n thi\u1ec7n nh\u1ea5t.<br \/>\u2611\ufe0f \ud835\udc0c\ud835\udc14\u0323\ud835\udc02 \ud835\udc13\ud835\udc08\ud835\udc04\u0302\ud835\udc14: Thay \u0111\u1ed5i, c\u1ea3i t\u1ea1o kh\u00f4ng gian s\u1ed1ng cho h\u00e0ng ngh\u00ecn ng\u00f4i nh\u00e0 m\u1ed7i n\u0103m.<br \/>\u2611\ufe0f \ud835\udc0f\ud835\udc07\ud835\udc14\u031b\ud835\udc0e\u031b\ud835\udc0d\ud835\udc06 \ud835\udc02\ud835\udc07\ud835\udc00\u0302\ud835\udc0c \ud835\udc07\ud835\udc0e\ud835\udc00\u0323\ud835\udc13 \u0110\ud835\udc0e\u0323\u0302\ud835\udc0d\ud835\udc06: Uy t\u00edn &#8211; T\u1eadn T\u00e2m &#8211; Tr\u00e1ch nhi\u1ec7m<br \/>C\u1ea3i T\u1ea1o Nh\u00e0 C\u0169 H\u00e0 N\u1ed9i xin ch\u00e2n th\u00e0nh c\u1ea3m \u01a1n Qu\u00fd kh\u00e1ch h\u00e0ng \u0111\u00e3 \u0111\u1ed3ng h\u00e0nh v\u00e0 \u1ee7ng h\u1ed9 ch\u00fang t\u00f4i trong su\u1ed1t th\u1eddi gian qua c\u0169ng nh\u01b0 t\u01b0\u01a1ng lai s\u1eafp t\u1edbi.<\/p>\n\n","protected":false},"excerpt":{"rendered":"","protected":false},"author":1,"featured_media":0,"parent":0,"menu_order":0,"comment_status":"closed","ping_status":"closed","template":"","meta":{"footnotes":""},"class_list":["post-27","page","type-page","status-publish","hentry"],"_links":{"self":[{"href":"https:\/\/caitaonhacuhanoi.com\/index.php?rest_route=\/wp\/v2\/pages\/27","targetHints":{"allow":["GET"]}}],"collection":[{"href":"https:\/\/caitaonhacuhanoi.com\/index.php?rest_route=\/wp\/v2\/pages"}],"about":[{"href":"https:\/\/caitaonhacuhanoi.com\/index.php?rest_route=\/wp\/v2\/types\/page"}],"author":[{"embeddable":true,"href":"https:\/\/caitaonhacuhanoi.com\/index.php?rest_route=\/wp\/v2\/users\/1"}],"replies":[{"embeddable":true,"href":"https:\/\/caitaonhacuhanoi.com\/index.php?rest_route=%2Fwp%2Fv2%2Fcomments&post=27"}],"version-history":[{"count":4,"href":"https:\/\/caitaonhacuhanoi.com\/index.php?rest_route=\/wp\/v2\/pages\/27\/revisions"}],"predecessor-version":[{"id":302,"href":"https:\/\/caitaonhacuhanoi.com\/index.php?rest_route=\/wp\/v2\/pages\/27\/revisions\/302"}],"wp:attachment":[{"href":"https:\/\/caitaonhacuhanoi.com\/index.php?rest_route=%2Fwp%2Fv2%2Fmedia&parent=27"}],"curies":[{"name":"wp","href":"https:\/\/api.w.org\/{rel}","templated":true}]}}