{"id":35,"date":"2023-11-11T12:01:02","date_gmt":"2023-11-11T12:01:02","guid":{"rendered":"https:\/\/caitaonhacuhanoi.com\/?page_id=35"},"modified":"2023-11-20T12:41:00","modified_gmt":"2023-11-20T12:41:00","slug":"xay-nha-tron-goi","status":"publish","type":"page","link":"https:\/\/caitaonhacuhanoi.com\/?page_id=35","title":{"rendered":"X\u00e2y nh\u00e0 tr\u1ecdn g\u00f3i"},"content":{"rendered":"\n\n  \n    <div class=\"row large-columns-4 medium-columns-3 small-columns-1 has-shadow row-box-shadow-1\">\n  <div class=\"col post-item\" >\n\t\t\t<div class=\"col-inner\">\n\t\t\t<a href=\"https:\/\/caitaonhacuhanoi.com\/?p=136\" class=\"plain\">\n\t\t\t\t<div class=\"box box-overlay dark box-text-bottom box-blog-post has-hover\">\n            \t\t\t\t\t<div class=\"box-image\" >\n  \t\t\t\t\t\t<div class=\"image-cover\" style=\"padding-top:140%;\">\n  \t\t\t\t\t\t\t<img loading=\"lazy\" decoding=\"async\" width=\"1920\" height=\"2560\" src=\"https:\/\/caitaonhacuhanoi.com\/wp-content\/uploads\/2025\/03\/z4944818035595_f3d0c4b0f9b8c97d90df3ecb6e05fca0.jpg\" class=\"attachment-original size-original wp-post-image\" alt=\"\" srcset=\"https:\/\/caitaonhacuhanoi.com\/wp-content\/uploads\/2025\/03\/z4944818035595_f3d0c4b0f9b8c97d90df3ecb6e05fca0.jpg 1920w, https:\/\/caitaonhacuhanoi.com\/wp-content\/uploads\/2025\/03\/z4944818035595_f3d0c4b0f9b8c97d90df3ecb6e05fca0-225x300.jpg 225w, https:\/\/caitaonhacuhanoi.com\/wp-content\/uploads\/2025\/03\/z4944818035595_f3d0c4b0f9b8c97d90df3ecb6e05fca0-768x1024.jpg 768w, https:\/\/caitaonhacuhanoi.com\/wp-content\/uploads\/2025\/03\/z4944818035595_f3d0c4b0f9b8c97d90df3ecb6e05fca0-1152x1536.jpg 1152w, https:\/\/caitaonhacuhanoi.com\/wp-content\/uploads\/2025\/03\/z4944818035595_f3d0c4b0f9b8c97d90df3ecb6e05fca0-1536x2048.jpg 1536w\" sizes=\"auto, (max-width: 1920px) 100vw, 1920px\" \/>  \t\t\t\t\t\t\t<div class=\"overlay\" style=\"background-color: rgba(0,0,0,.25)\"><\/div>  \t\t\t\t\t\t\t  \t\t\t\t\t\t<\/div>\n  \t\t\t\t\t\t  \t\t\t\t\t<\/div>\n          \t\t\t\t\t<div class=\"box-text text-center\" style=\"background-color:rgba(0, 0, 0, 0.541);\">\n\t\t\t\t\t<div class=\"box-text-inner blog-post-inner\">\n\n\t\t\t\t\t\n\t\t\t\t\t\t\t\t\t\t<h5 class=\"post-title is-large \">C\u1ea3i t\u1ea1o nh\u00e0 ph\u1ed1 2,5 t\u1ea7ng \u1edf Ph\u1ed1 N\u1ed1i &#8211; H\u01b0ng Y\u00ean<\/h5>\n\t\t\t\t\t\t\t\t\t\t<div class=\"is-divider\"><\/div>\n\t\t\t\t\t                    \n\t\t\t\t\t\n\t\t\t\t\t\n\t\t\t\t\t<\/div>\n\t\t\t\t\t<\/div>\n\t\t\t\t\t\t\t\t\t<\/div>\n\t\t\t\t<\/a>\n\t\t\t<\/div>\n\t\t<\/div><div class=\"col post-item\" >\n\t\t\t<div class=\"col-inner\">\n\t\t\t<a href=\"https:\/\/caitaonhacuhanoi.com\/?p=134\" class=\"plain\">\n\t\t\t\t<div class=\"box box-overlay dark box-text-bottom box-blog-post has-hover\">\n            \t\t\t\t\t<div class=\"box-image\" >\n  \t\t\t\t\t\t<div class=\"image-cover\" style=\"padding-top:140%;\">\n  \t\t\t\t\t\t\t<img loading=\"lazy\" decoding=\"async\" width=\"1920\" height=\"2560\" src=\"https:\/\/caitaonhacuhanoi.com\/wp-content\/uploads\/2025\/03\/z3657918737876_278281deba57cd0971a14f06470a322f1.jpg\" class=\"attachment-original size-original wp-post-image\" alt=\"\" srcset=\"https:\/\/caitaonhacuhanoi.com\/wp-content\/uploads\/2025\/03\/z3657918737876_278281deba57cd0971a14f06470a322f1.jpg 1920w, https:\/\/caitaonhacuhanoi.com\/wp-content\/uploads\/2025\/03\/z3657918737876_278281deba57cd0971a14f06470a322f1-225x300.jpg 225w, https:\/\/caitaonhacuhanoi.com\/wp-content\/uploads\/2025\/03\/z3657918737876_278281deba57cd0971a14f06470a322f1-768x1024.jpg 768w, https:\/\/caitaonhacuhanoi.com\/wp-content\/uploads\/2025\/03\/z3657918737876_278281deba57cd0971a14f06470a322f1-1152x1536.jpg 1152w, https:\/\/caitaonhacuhanoi.com\/wp-content\/uploads\/2025\/03\/z3657918737876_278281deba57cd0971a14f06470a322f1-1536x2048.jpg 1536w\" sizes=\"auto, (max-width: 1920px) 100vw, 1920px\" \/>  \t\t\t\t\t\t\t<div class=\"overlay\" style=\"background-color: rgba(0,0,0,.25)\"><\/div>  \t\t\t\t\t\t\t  \t\t\t\t\t\t<\/div>\n  \t\t\t\t\t\t  \t\t\t\t\t<\/div>\n          \t\t\t\t\t<div class=\"box-text text-center\" style=\"background-color:rgba(0, 0, 0, 0.541);\">\n\t\t\t\t\t<div class=\"box-text-inner blog-post-inner\">\n\n\t\t\t\t\t\n\t\t\t\t\t\t\t\t\t\t<h5 class=\"post-title is-large \">C\u1ea3i t\u1ea1o nh\u00e0 c\u0169 th\u00e0nh bi\u1ec7t th\u1ef1 v\u01b0\u1eddn \u1edf H\u01b0ng Y\u00ean<\/h5>\n\t\t\t\t\t\t\t\t\t\t<div class=\"is-divider\"><\/div>\n\t\t\t\t\t                    \n\t\t\t\t\t\n\t\t\t\t\t\n\t\t\t\t\t<\/div>\n\t\t\t\t\t<\/div>\n\t\t\t\t\t\t\t\t\t<\/div>\n\t\t\t\t<\/a>\n\t\t\t<\/div>\n\t\t<\/div><div class=\"col post-item\" >\n\t\t\t<div class=\"col-inner\">\n\t\t\t<a href=\"https:\/\/caitaonhacuhanoi.com\/?p=74\" class=\"plain\">\n\t\t\t\t<div class=\"box box-overlay dark box-text-bottom box-blog-post has-hover\">\n            \t\t\t\t\t<div class=\"box-image\" >\n  \t\t\t\t\t\t<div class=\"image-cover\" style=\"padding-top:140%;\">\n  \t\t\t\t\t\t\t<img loading=\"lazy\" decoding=\"async\" width=\"1920\" height=\"2560\" src=\"https:\/\/caitaonhacuhanoi.com\/wp-content\/uploads\/2025\/03\/z4852893397230_8b9531710162dd5342ed27306a36e7a5.jpg\" class=\"attachment-original size-original wp-post-image\" alt=\"\" srcset=\"https:\/\/caitaonhacuhanoi.com\/wp-content\/uploads\/2025\/03\/z4852893397230_8b9531710162dd5342ed27306a36e7a5.jpg 1920w, https:\/\/caitaonhacuhanoi.com\/wp-content\/uploads\/2025\/03\/z4852893397230_8b9531710162dd5342ed27306a36e7a5-225x300.jpg 225w, https:\/\/caitaonhacuhanoi.com\/wp-content\/uploads\/2025\/03\/z4852893397230_8b9531710162dd5342ed27306a36e7a5-768x1024.jpg 768w, https:\/\/caitaonhacuhanoi.com\/wp-content\/uploads\/2025\/03\/z4852893397230_8b9531710162dd5342ed27306a36e7a5-1152x1536.jpg 1152w, https:\/\/caitaonhacuhanoi.com\/wp-content\/uploads\/2025\/03\/z4852893397230_8b9531710162dd5342ed27306a36e7a5-1536x2048.jpg 1536w\" sizes=\"auto, (max-width: 1920px) 100vw, 1920px\" \/>  \t\t\t\t\t\t\t<div class=\"overlay\" style=\"background-color: rgba(0,0,0,.25)\"><\/div>  \t\t\t\t\t\t\t  \t\t\t\t\t\t<\/div>\n  \t\t\t\t\t\t  \t\t\t\t\t<\/div>\n          \t\t\t\t\t<div class=\"box-text text-center\" style=\"background-color:rgba(0, 0, 0, 0.541);\">\n\t\t\t\t\t<div class=\"box-text-inner blog-post-inner\">\n\n\t\t\t\t\t\n\t\t\t\t\t\t\t\t\t\t<h5 class=\"post-title is-large \">C\u1ea3i t\u1ea1o bi\u1ec7t th\u1ef1 v\u01b0\u1eddn 2 t\u1ea7ng \u1edf Thanh H\u00f3a<\/h5>\n\t\t\t\t\t\t\t\t\t\t<div class=\"is-divider\"><\/div>\n\t\t\t\t\t                    \n\t\t\t\t\t\n\t\t\t\t\t\n\t\t\t\t\t<\/div>\n\t\t\t\t\t<\/div>\n\t\t\t\t\t\t\t\t\t<\/div>\n\t\t\t\t<\/a>\n\t\t\t<\/div>\n\t\t<\/div><\/div>\n\n\n","protected":false},"excerpt":{"rendered":"","protected":false},"author":1,"featured_media":0,"parent":0,"menu_order":0,"comment_status":"closed","ping_status":"closed","template":"","meta":{"footnotes":""},"class_list":["post-35","page","type-page","status-publish","hentry"],"_links":{"self":[{"href":"https:\/\/caitaonhacuhanoi.com\/index.php?rest_route=\/wp\/v2\/pages\/35","targetHints":{"allow":["GET"]}}],"collection":[{"href":"https:\/\/caitaonhacuhanoi.com\/index.php?rest_route=\/wp\/v2\/pages"}],"about":[{"href":"https:\/\/caitaonhacuhanoi.com\/index.php?rest_route=\/wp\/v2\/types\/page"}],"author":[{"embeddable":true,"href":"https:\/\/caitaonhacuhanoi.com\/index.php?rest_route=\/wp\/v2\/users\/1"}],"replies":[{"embeddable":true,"href":"https:\/\/caitaonhacuhanoi.com\/index.php?rest_route=%2Fwp%2Fv2%2Fcomments&post=35"}],"version-history":[{"count":4,"href":"https:\/\/caitaonhacuhanoi.com\/index.php?rest_route=\/wp\/v2\/pages\/35\/revisions"}],"predecessor-version":[{"id":1114,"href":"https:\/\/caitaonhacuhanoi.com\/index.php?rest_route=\/wp\/v2\/pages\/35\/revisions\/1114"}],"wp:attachment":[{"href":"https:\/\/caitaonhacuhanoi.com\/index.php?rest_route=%2Fwp%2Fv2%2Fmedia&parent=35"}],"curies":[{"name":"wp","href":"https:\/\/api.w.org\/{rel}","templated":true}]}}